{"id":9749,"date":"2025-01-25T18:02:02","date_gmt":"2025-01-25T18:02:02","guid":{"rendered":"https:\/\/cynbrandco.com\/?page_id=9749"},"modified":"2025-01-26T04:59:43","modified_gmt":"2025-01-26T04:59:43","slug":"proyectosii","status":"publish","type":"page","link":"https:\/\/cynbrandco.com\/?page_id=9749","title":{"rendered":"ProyectosII"},"content":{"rendered":"\t\t<div data-elementor-type=\"wp-page\" data-elementor-id=\"9749\" class=\"elementor elementor-9749\">\n\t\t\t\t\t\t<section class=\"elementor-section elementor-top-section elementor-element elementor-element-763acf7 elementor-section-boxed elementor-section-height-default elementor-section-height-default\" data-id=\"763acf7\" data-element_type=\"section\">\n\t\t\t\t\t\t<div class=\"elementor-container elementor-column-gap-default\">\n\t\t\t\t\t<div class=\"elementor-column elementor-col-100 elementor-top-column elementor-element elementor-element-15feb30\" data-id=\"15feb30\" data-element_type=\"column\">\n\t\t\t<div class=\"elementor-widget-wrap elementor-element-populated\">\n\t\t\t\t\t\t<div class=\"elementor-element elementor-element-8b41e9e elementor-view-default elementor-widget elementor-widget-icon\" data-id=\"8b41e9e\" data-element_type=\"widget\" data-widget_type=\"icon.default\">\n\t\t\t\t<div class=\"elementor-widget-container\">\n\t\t\t\t\t\t\t<div class=\"elementor-icon-wrapper\">\n\t\t\t<div class=\"elementor-icon\">\n\t\t\t<i aria-hidden=\"true\" class=\"fas fa-democrat\"><\/i>\t\t\t<\/div>\n\t\t<\/div>\n\t\t\t\t\t\t<\/div>\n\t\t\t\t<\/div>\n\t\t\t\t\t<\/div>\n\t\t<\/div>\n\t\t\t\t\t<\/div>\n\t\t<\/section>\n\t\t\t\t<section class=\"elementor-section elementor-top-section elementor-element elementor-element-421c177 elementor-section-boxed elementor-section-height-default elementor-section-height-default\" data-id=\"421c177\" data-element_type=\"section\">\n\t\t\t\t\t\t<div class=\"elementor-container elementor-column-gap-default\">\n\t\t\t\t\t<div class=\"elementor-column elementor-col-100 elementor-top-column elementor-element elementor-element-4d33f28\" data-id=\"4d33f28\" data-element_type=\"column\">\n\t\t\t<div class=\"elementor-widget-wrap elementor-element-populated\">\n\t\t\t\t\t\t<div class=\"elementor-element elementor-element-64943ec elementor-widget elementor-widget-heading\" data-id=\"64943ec\" data-element_type=\"widget\" data-widget_type=\"heading.default\">\n\t\t\t\t<div class=\"elementor-widget-container\">\n\t\t\t\t\t<h2 class=\"elementor-heading-title elementor-size-default\"><h2 data-elementor-setting-key=\"title\" data-pen-placeholder=\"Teclea aqu\u00ed...\" style=\", sans-serif;font-weight: 600;text-align: center\">Creamos y fortalecemos marcas mediante el dise\u00f1o gr\u00e1fico y la ilustraci\u00f3n. Nos especializamos en branding, identidad visual, dise\u00f1o de empaques, Fotograf\u00eda Gastron\u00f3mica y marca personal, as\u00ed como en proyectos editoriales.<span style=\"color: var( --e-global-color-primary );font-family: var( --e-global-typography-primary-font-family ), Sans-serif;font-weight: var( --e-global-typography-primary-font-weight );background-color: transparent\"><\/span><\/h2><\/h2>\t\t\t\t<\/div>\n\t\t\t\t<\/div>\n\t\t\t\t\t<\/div>\n\t\t<\/div>\n\t\t\t\t\t<\/div>\n\t\t<\/section>\n\t\t\t\t<section class=\"elementor-section elementor-top-section elementor-element elementor-element-6bf1a43 elementor-section-boxed elementor-section-height-default elementor-section-height-default\" data-id=\"6bf1a43\" data-element_type=\"section\">\n\t\t\t\t\t\t<div class=\"elementor-container elementor-column-gap-default\">\n\t\t\t\t\t<div class=\"elementor-column elementor-col-100 elementor-top-column elementor-element elementor-element-38bd0de\" data-id=\"38bd0de\" data-element_type=\"column\">\n\t\t\t<div class=\"elementor-widget-wrap elementor-element-populated\">\n\t\t\t\t\t\t<div class=\"elementor-element elementor-element-e727c3e elementor-widget elementor-widget-spacer\" data-id=\"e727c3e\" data-element_type=\"widget\" data-widget_type=\"spacer.default\">\n\t\t\t\t<div class=\"elementor-widget-container\">\n\t\t\t\t\t\t\t<div class=\"elementor-spacer\">\n\t\t\t<div class=\"elementor-spacer-inner\"><\/div>\n\t\t<\/div>\n\t\t\t\t\t\t<\/div>\n\t\t\t\t<\/div>\n\t\t\t\t\t<\/div>\n\t\t<\/div>\n\t\t\t\t\t<\/div>\n\t\t<\/section>\n\t\t\t\t<section class=\"elementor-section elementor-top-section elementor-element elementor-element-93f1714 elementor-section-boxed elementor-section-height-default elementor-section-height-default\" data-id=\"93f1714\" data-element_type=\"section\">\n\t\t\t\t\t\t<div class=\"elementor-container elementor-column-gap-default\">\n\t\t\t\t\t<div class=\"elementor-column elementor-col-100 elementor-top-column elementor-element elementor-element-5bbced2\" data-id=\"5bbced2\" data-element_type=\"column\">\n\t\t\t<div class=\"elementor-widget-wrap elementor-element-populated\">\n\t\t\t\t\t\t<div class=\"elementor-element elementor-element-21d1133 elementor-widget elementor-widget-shortcode\" data-id=\"21d1133\" data-element_type=\"widget\" data-widget_type=\"shortcode.default\">\n\t\t\t\t<div class=\"elementor-widget-container\">\n\t\t\t\t\t\t\t<div class=\"elementor-shortcode\"><div id=\"blog-posts-products\" class=\"blog-posts-content posts-content\"><div id=\"2_blog_carousel\" class=\"slider blog-carousel\"><div class=\"item container  first blog\"><div class=\"container-inner loop-entry type-post\"><a href=\"https:\/\/cynbrandco.com\/?p=9825\" class=\"post-thumbnail\"><div class=\"post-thumbnail-inner\"><img fetchpriority=\"high\" decoding=\"async\" src=\"https:\/\/cynbrandco.com\/wp-content\/uploads\/2025\/01\/furnished_cynbrandco7.jpg\" title=\"Furnished\" alt=\"Furnished\" height=\"320\" width=\"570\"\/><\/div><\/a><div class=\"entry-content-wrap\"><header class=\"entry-header\"><h4 class=\"entry-title\"><a href=\"https:\/\/cynbrandco.com\/?p=9825\" title=\"Furnished\">Furnished<\/a><\/h4><div class=\"entry-meta entry-meta-divider-dot entry-meta-divider-vline entry-meta-divider-dash entry-meta-divider-slash\"><span class=\"posted-on\">26enero,2025<\/span><\/div><\/header><\/footer><\/div><\/div><\/div><div class=\"item container  last blog\"><div class=\"container-inner loop-entry type-post\"><a href=\"https:\/\/cynbrandco.com\/?p=9810\" class=\"post-thumbnail\"><div class=\"post-thumbnail-inner\"><img decoding=\"async\" src=\"https:\/\/cynbrandco.com\/wp-content\/uploads\/2025\/01\/entrecomidillas_cynbrandco.jpg\" title=\"Entrecomidillas\" alt=\"Entrecomidillas\" height=\"320\" width=\"570\"\/><\/div><\/a><div class=\"entry-content-wrap\"><header class=\"entry-header\"><h4 class=\"entry-title\"><a href=\"https:\/\/cynbrandco.com\/?p=9810\" title=\"Entrecomidillas\">Entrecomidillas<\/a><\/h4><div class=\"entry-meta entry-meta-divider-dot entry-meta-divider-vline entry-meta-divider-dash entry-meta-divider-slash\"><span class=\"posted-on\">26enero,2025<\/span><\/div><\/header><\/footer><\/div><\/div><\/div><div class=\"item container  first blog\"><div class=\"container-inner loop-entry type-post\"><a href=\"https:\/\/cynbrandco.com\/?p=9726\" class=\"post-thumbnail\"><div class=\"post-thumbnail-inner\"><img decoding=\"async\" src=\"https:\/\/cynbrandco.com\/wp-content\/uploads\/2021\/11\/mitra_cynbrandco.jpg\" title=\"Mitra Market\" alt=\"Mitra Market\" height=\"320\" width=\"570\"\/><\/div><\/a><div class=\"entry-content-wrap\"><header class=\"entry-header\"><h4 class=\"entry-title\"><a href=\"https:\/\/cynbrandco.com\/?p=9726\" title=\"Mitra Market\">Mitra Market<\/a><\/h4><div class=\"entry-meta entry-meta-divider-dot entry-meta-divider-vline entry-meta-divider-dash entry-meta-divider-slash\"><span class=\"posted-on\">25enero,2025<\/span><\/div><\/header><\/footer><\/div><\/div><\/div><\/div><\/div><\/div>\n\t\t\t\t\t\t<\/div>\n\t\t\t\t<\/div>\n\t\t\t\t\t<\/div>\n\t\t<\/div>\n\t\t\t\t\t<\/div>\n\t\t<\/section>\n\t\t\t\t<section class=\"elementor-section elementor-top-section elementor-element elementor-element-ec4a9b3 elementor-section-boxed elementor-section-height-default elementor-section-height-default\" data-id=\"ec4a9b3\" data-element_type=\"section\">\n\t\t\t\t\t\t<div class=\"elementor-container elementor-column-gap-default\">\n\t\t\t\t\t<div class=\"elementor-column elementor-col-100 elementor-top-column elementor-element elementor-element-ab8e539\" data-id=\"ab8e539\" data-element_type=\"column\">\n\t\t\t<div class=\"elementor-widget-wrap\">\n\t\t\t\t\t\t\t<\/div>\n\t\t<\/div>\n\t\t\t\t\t<\/div>\n\t\t<\/section>\n\t\t\t\t<div class=\"elementor-section elementor-top-section elementor-element elementor-element-54bd37e elementor-section-full_width elementor-section-stretched elementor-section-height-default elementor-section-height-default\" data-id=\"54bd37e\" data-element_type=\"section\" data-settings=\"{&quot;stretch_section&quot;:&quot;section-stretched&quot;,&quot;background_background&quot;:&quot;classic&quot;}\">\n\t\t\t\t\t\t<div class=\"elementor-container elementor-column-gap-default\">\n\t\t\t\t\t<div class=\"elementor-column elementor-col-100 elementor-top-column elementor-element elementor-element-4087f1d\" data-id=\"4087f1d\" data-element_type=\"column\">\n\t\t\t<div class=\"elementor-widget-wrap elementor-element-populated\">\n\t\t\t\t\t\t<div class=\"elementor-section elementor-inner-section elementor-element elementor-element-520d348 elementor-section-boxed elementor-section-height-default elementor-section-height-default\" data-id=\"520d348\" data-element_type=\"section\" data-settings=\"{&quot;background_background&quot;:&quot;classic&quot;}\">\n\t\t\t\t\t\t<div class=\"elementor-container elementor-column-gap-default\">\n\t\t\t\t\t<div class=\"elementor-column elementor-col-100 elementor-inner-column elementor-element elementor-element-ab856f7\" data-id=\"ab856f7\" data-element_type=\"column\" data-settings=\"{&quot;background_background&quot;:&quot;classic&quot;}\">\n\t\t\t<div class=\"elementor-widget-wrap elementor-element-populated\">\n\t\t\t\t\t\t<div class=\"elementor-element elementor-element-7765951 elementor-widget elementor-widget-heading\" data-id=\"7765951\" data-element_type=\"widget\" data-widget_type=\"heading.default\">\n\t\t\t\t<div class=\"elementor-widget-container\">\n\t\t\t\t\t<span class=\"elementor-heading-title elementor-size-default\">Ey!<\/span>\t\t\t\t<\/div>\n\t\t\t\t<\/div>\n\t\t\t\t<div class=\"elementor-element elementor-element-7dc0b74 elementor-widget elementor-widget-heading\" data-id=\"7dc0b74\" data-element_type=\"widget\" data-widget_type=\"heading.default\">\n\t\t\t\t<div class=\"elementor-widget-container\">\n\t\t\t\t\t<h2 class=\"elementor-heading-title elementor-size-default\">\u00a1Conversemos!<\/h2>\t\t\t\t<\/div>\n\t\t\t\t<\/div>\n\t\t\t\t<div class=\"elementor-element elementor-element-1e0aa42 elementor-widget elementor-widget-shortcode\" data-id=\"1e0aa42\" data-element_type=\"widget\" data-widget_type=\"shortcode.default\">\n\t\t\t\t<div class=\"elementor-widget-container\">\n\t\t\t\t\t\t\t<div class=\"elementor-shortcode\">\n<div class=\"wpcf7 no-js\" id=\"wpcf7-f8-o1\" lang=\"es-ES\" dir=\"ltr\" data-wpcf7-id=\"8\">\n<div class=\"screen-reader-response\"><p role=\"status\" aria-live=\"polite\" aria-atomic=\"true\"><\/p> <ul><\/ul><\/div>\n<form action=\"\/index.php?rest_route=%2Fwp%2Fv2%2Fpages%2F9749#wpcf7-f8-o1\" method=\"post\" class=\"wpcf7-form init\" aria-label=\"Formulario de contacto\" novalidate=\"novalidate\" data-status=\"init\">\n<div style=\"display: none;\">\n<input type=\"hidden\" name=\"_wpcf7\" value=\"8\" \/>\n<input type=\"hidden\" name=\"_wpcf7_version\" value=\"6.0.3\" \/>\n<input type=\"hidden\" name=\"_wpcf7_locale\" value=\"es_ES\" \/>\n<input type=\"hidden\" name=\"_wpcf7_unit_tag\" value=\"wpcf7-f8-o1\" \/>\n<input type=\"hidden\" name=\"_wpcf7_container_post\" value=\"0\" \/>\n<input type=\"hidden\" name=\"_wpcf7_posted_data_hash\" value=\"\" \/>\n<\/div>\n<p><label> Your name<br \/>\n<span class=\"wpcf7-form-control-wrap\" data-name=\"your-name\"><input size=\"40\" maxlength=\"400\" class=\"wpcf7-form-control wpcf7-text wpcf7-validates-as-required\" autocomplete=\"name\" aria-required=\"true\" aria-invalid=\"false\" value=\"\" type=\"text\" name=\"your-name\" \/><\/span> <\/label>\n<\/p>\n<p><label> Your email<br \/>\n<span class=\"wpcf7-form-control-wrap\" data-name=\"your-email\"><input size=\"40\" maxlength=\"400\" class=\"wpcf7-form-control wpcf7-email wpcf7-validates-as-required wpcf7-text wpcf7-validates-as-email\" autocomplete=\"email\" aria-required=\"true\" aria-invalid=\"false\" value=\"\" type=\"email\" name=\"your-email\" \/><\/span> <\/label>\n<\/p>\n<p><label> Subject<br \/>\n<span class=\"wpcf7-form-control-wrap\" data-name=\"your-subject\"><input size=\"40\" maxlength=\"400\" class=\"wpcf7-form-control wpcf7-text wpcf7-validates-as-required\" aria-required=\"true\" aria-invalid=\"false\" value=\"\" type=\"text\" name=\"your-subject\" \/><\/span> <\/label>\n<\/p>\n<p><label> Your message (optional)<br \/>\n<span class=\"wpcf7-form-control-wrap\" data-name=\"your-message\"><textarea cols=\"40\" rows=\"10\" maxlength=\"2000\" class=\"wpcf7-form-control wpcf7-textarea\" aria-invalid=\"false\" name=\"your-message\"><\/textarea><\/span> <\/label>\n<\/p>\n<p><input class=\"wpcf7-form-control wpcf7-submit has-spinner\" type=\"submit\" value=\"Submit\" \/>\n<\/p><div class=\"wpcf7-response-output\" aria-hidden=\"true\"><\/div>\n<\/form>\n<\/div>\n<\/div>\n\t\t\t\t\t\t<\/div>\n\t\t\t\t<\/div>\n\t\t\t\t\t<\/div>\n\t\t<\/div>\n\t\t\t\t\t<\/div>\n\t\t<\/div>\n\t\t\t\t\t<\/div>\n\t\t<\/div>\n\t\t\t\t\t<\/div>\n\t\t<\/div>\n\t\t\t\t<section class=\"elementor-section elementor-top-section elementor-element elementor-element-941122d elementor-section-boxed elementor-section-height-default elementor-section-height-default\" data-id=\"941122d\" data-element_type=\"section\">\n\t\t\t\t\t\t<div class=\"elementor-container elementor-column-gap-default\">\n\t\t\t\t\t<div class=\"elementor-column elementor-col-100 elementor-top-column elementor-element elementor-element-d9e8616\" data-id=\"d9e8616\" data-element_type=\"column\">\n\t\t\t<div class=\"elementor-widget-wrap\">\n\t\t\t\t\t\t\t<\/div>\n\t\t<\/div>\n\t\t\t\t\t<\/div>\n\t\t<\/section>\n\t\t\t\t<section class=\"elementor-section elementor-top-section elementor-element elementor-element-a45ff5d elementor-section-boxed elementor-section-height-default elementor-section-height-default\" data-id=\"a45ff5d\" data-element_type=\"section\">\n\t\t\t\t\t\t<div class=\"elementor-container elementor-column-gap-default\">\n\t\t\t\t\t<div class=\"elementor-column elementor-col-100 elementor-top-column elementor-element elementor-element-5e52efa\" data-id=\"5e52efa\" data-element_type=\"column\">\n\t\t\t<div class=\"elementor-widget-wrap elementor-element-populated\">\n\t\t\t\t\t\t<div class=\"elementor-element elementor-element-42789b8 elementor-widget elementor-widget-shortcode\" data-id=\"42789b8\" data-element_type=\"widget\" data-widget_type=\"shortcode.default\">\n\t\t\t\t<div class=\"elementor-widget-container\">\n\t\t\t\t\t\t\t<div class=\"elementor-shortcode\"><div id=\"blog-posts-products\" class=\"blog-posts-content posts-content\"><div id=\"blog_grid\" class=\"blog-grid grid cols-2\"><div class=\"item container  first blog\"><div class=\"container-inner loop-entry type-post\"><a href=\"https:\/\/cynbrandco.com\/?p=9825\" class=\"post-thumbnail\"><div class=\"post-thumbnail-inner\"><img loading=\"lazy\" decoding=\"async\" src=\"https:\/\/cynbrandco.com\/wp-content\/uploads\/2025\/01\/furnished_cynbrandco7.jpg\" title=\"Furnished\" alt=\"Furnished\" height=\"369\" width=\"600\"\/><\/div><\/a><div class=\"entry-content-wrap\"><header class=\"entry-header\"><h4 class=\"entry-title\"><a href=\"https:\/\/cynbrandco.com\/?p=9825\" title=\"Furnished\">Furnished<\/a><\/h4><div class=\"entry-meta entry-meta-divider-dot entry-meta-divider-vline entry-meta-divider-dash entry-meta-divider-slash\"><span class=\"posted-on\">26enero,2025<\/span><\/div><\/header><\/footer><\/div><\/div><\/div><div class=\"item container  last blog\"><div class=\"container-inner loop-entry type-post\"><a href=\"https:\/\/cynbrandco.com\/?p=9810\" class=\"post-thumbnail\"><div class=\"post-thumbnail-inner\"><img loading=\"lazy\" decoding=\"async\" src=\"https:\/\/cynbrandco.com\/wp-content\/uploads\/2025\/01\/entrecomidillas_cynbrandco.jpg\" title=\"Entrecomidillas\" alt=\"Entrecomidillas\" height=\"369\" width=\"600\"\/><\/div><\/a><div class=\"entry-content-wrap\"><header class=\"entry-header\"><h4 class=\"entry-title\"><a href=\"https:\/\/cynbrandco.com\/?p=9810\" title=\"Entrecomidillas\">Entrecomidillas<\/a><\/h4><div class=\"entry-meta entry-meta-divider-dot entry-meta-divider-vline entry-meta-divider-dash entry-meta-divider-slash\"><span class=\"posted-on\">26enero,2025<\/span><\/div><\/header><\/footer><\/div><\/div><\/div><div class=\"item container  first blog\"><div class=\"container-inner loop-entry type-post\"><a href=\"https:\/\/cynbrandco.com\/?p=9726\" class=\"post-thumbnail\"><div class=\"post-thumbnail-inner\"><img loading=\"lazy\" decoding=\"async\" src=\"https:\/\/cynbrandco.com\/wp-content\/uploads\/2021\/11\/mitra_cynbrandco.jpg\" title=\"Mitra Market\" alt=\"Mitra Market\" height=\"369\" width=\"600\"\/><\/div><\/a><div class=\"entry-content-wrap\"><header class=\"entry-header\"><h4 class=\"entry-title\"><a href=\"https:\/\/cynbrandco.com\/?p=9726\" title=\"Mitra Market\">Mitra Market<\/a><\/h4><div class=\"entry-meta entry-meta-divider-dot entry-meta-divider-vline entry-meta-divider-dash entry-meta-divider-slash\"><span class=\"posted-on\">25enero,2025<\/span><\/div><\/header><\/footer><\/div><\/div><\/div><\/div><\/div><\/div>\n\t\t\t\t\t\t<\/div>\n\t\t\t\t<\/div>\n\t\t\t\t\t<\/div>\n\t\t<\/div>\n\t\t\t\t\t<\/div>\n\t\t<\/section>\n\t\t\t\t<section class=\"elementor-section elementor-top-section elementor-element elementor-element-4ed44d3 elementor-section-boxed elementor-section-height-default elementor-section-height-default\" data-id=\"4ed44d3\" data-element_type=\"section\">\n\t\t\t\t\t\t<div class=\"elementor-container elementor-column-gap-default\">\n\t\t\t\t\t<div class=\"elementor-column elementor-col-100 elementor-top-column elementor-element elementor-element-fdc629c\" data-id=\"fdc629c\" data-element_type=\"column\">\n\t\t\t<div class=\"elementor-widget-wrap elementor-element-populated\">\n\t\t\t\t\t\t<div class=\"elementor-element elementor-element-11cf742 elementor-widget elementor-widget-shortcode\" data-id=\"11cf742\" data-element_type=\"widget\" data-widget_type=\"shortcode.default\">\n\t\t\t\t<div class=\"elementor-widget-container\">\n\t\t\t\t\t\t\t<div class=\"elementor-shortcode\"><div id=\"blog-posts-products\" class=\"blog-posts-content posts-content\"><div id=\"blog_grid\" class=\"blog-grid grid cols-2\"><div class=\"item container  first blog\"><div class=\"container-inner loop-entry type-post\"><a href=\"https:\/\/cynbrandco.com\/?p=9825\" class=\"post-thumbnail\"><div class=\"post-thumbnail-inner\"><img fetchpriority=\"high\" decoding=\"async\" src=\"https:\/\/cynbrandco.com\/wp-content\/uploads\/2025\/01\/furnished_cynbrandco7.jpg\" title=\"Furnished\" alt=\"Furnished\" height=\"320\" width=\"570\"\/><\/div><\/a><div class=\"entry-content-wrap\"><header class=\"entry-header\"><h4 class=\"entry-title\"><a href=\"https:\/\/cynbrandco.com\/?p=9825\" title=\"Furnished\">Furnished<\/a><\/h4><div class=\"entry-meta entry-meta-divider-dot entry-meta-divider-vline entry-meta-divider-dash entry-meta-divider-slash\"><span class=\"posted-on\">26enero,2025<\/span><\/div><\/header><\/footer><\/div><\/div><\/div><div class=\"item container  last blog\"><div class=\"container-inner loop-entry type-post\"><a href=\"https:\/\/cynbrandco.com\/?p=9810\" class=\"post-thumbnail\"><div class=\"post-thumbnail-inner\"><img decoding=\"async\" src=\"https:\/\/cynbrandco.com\/wp-content\/uploads\/2025\/01\/entrecomidillas_cynbrandco.jpg\" title=\"Entrecomidillas\" alt=\"Entrecomidillas\" height=\"320\" width=\"570\"\/><\/div><\/a><div class=\"entry-content-wrap\"><header class=\"entry-header\"><h4 class=\"entry-title\"><a href=\"https:\/\/cynbrandco.com\/?p=9810\" title=\"Entrecomidillas\">Entrecomidillas<\/a><\/h4><div class=\"entry-meta entry-meta-divider-dot entry-meta-divider-vline entry-meta-divider-dash entry-meta-divider-slash\"><span class=\"posted-on\">26enero,2025<\/span><\/div><\/header><\/footer><\/div><\/div><\/div><div class=\"item container  first blog\"><div class=\"container-inner loop-entry type-post\"><a href=\"https:\/\/cynbrandco.com\/?p=9726\" class=\"post-thumbnail\"><div class=\"post-thumbnail-inner\"><img decoding=\"async\" src=\"https:\/\/cynbrandco.com\/wp-content\/uploads\/2021\/11\/mitra_cynbrandco.jpg\" title=\"Mitra Market\" alt=\"Mitra Market\" height=\"320\" width=\"570\"\/><\/div><\/a><div class=\"entry-content-wrap\"><header class=\"entry-header\"><h4 class=\"entry-title\"><a href=\"https:\/\/cynbrandco.com\/?p=9726\" title=\"Mitra Market\">Mitra Market<\/a><\/h4><div class=\"entry-meta entry-meta-divider-dot entry-meta-divider-vline entry-meta-divider-dash entry-meta-divider-slash\"><span class=\"posted-on\">25enero,2025<\/span><\/div><\/header><\/footer><\/div><\/div><\/div><\/div><\/div><\/div>\n\t\t\t\t\t\t<\/div>\n\t\t\t\t<\/div>\n\t\t\t\t\t<\/div>\n\t\t<\/div>\n\t\t\t\t\t<\/div>\n\t\t<\/section>\n\t\t\t\t<section class=\"elementor-section elementor-top-section elementor-element elementor-element-d4e8a6e elementor-section-full_width elementor-section-height-default elementor-section-height-default\" data-id=\"d4e8a6e\" data-element_type=\"section\">\n\t\t\t\t\t\t<div class=\"elementor-container elementor-column-gap-default\">\n\t\t\t\t\t<div class=\"elementor-column elementor-col-100 elementor-top-column elementor-element elementor-element-2ac93fe\" data-id=\"2ac93fe\" data-element_type=\"column\">\n\t\t\t<div class=\"elementor-widget-wrap elementor-element-populated\">\n\t\t\t\t\t\t<div class=\"elementor-element elementor-element-e16c5c3 elementor-widget elementor-widget-shortcode\" data-id=\"e16c5c3\" data-element_type=\"widget\" data-widget_type=\"shortcode.default\">\n\t\t\t\t<div class=\"elementor-widget-container\">\n\t\t\t\t\t\t\t<div class=\"elementor-shortcode\"><div id=\"blog-posts-products\" class=\"blog-posts-content posts-content\"><div id=\"blog_grid\" class=\"blog-grid grid cols-2\"><div class=\"item container  first blog\"><div class=\"container-inner loop-entry type-post\"><a href=\"https:\/\/cynbrandco.com\/?p=9825\" class=\"post-thumbnail\"><div class=\"post-thumbnail-inner\"><img fetchpriority=\"high\" decoding=\"async\" src=\"https:\/\/cynbrandco.com\/wp-content\/uploads\/2025\/01\/furnished_cynbrandco7.jpg\" title=\"Furnished\" alt=\"Furnished\" height=\"320\" width=\"570\"\/><\/div><\/a><div class=\"entry-content-wrap\"><header class=\"entry-header\"><h4 class=\"entry-title\"><a href=\"https:\/\/cynbrandco.com\/?p=9825\" title=\"Furnished\">Furnished<\/a><\/h4><div class=\"entry-meta entry-meta-divider-dot entry-meta-divider-vline entry-meta-divider-dash entry-meta-divider-slash\"><span class=\"posted-on\">26enero,2025<\/span><\/div><\/header><\/footer><\/div><\/div><\/div><div class=\"item container  last blog\"><div class=\"container-inner loop-entry type-post\"><a href=\"https:\/\/cynbrandco.com\/?p=9810\" class=\"post-thumbnail\"><div class=\"post-thumbnail-inner\"><img decoding=\"async\" src=\"https:\/\/cynbrandco.com\/wp-content\/uploads\/2025\/01\/entrecomidillas_cynbrandco.jpg\" title=\"Entrecomidillas\" alt=\"Entrecomidillas\" height=\"320\" width=\"570\"\/><\/div><\/a><div class=\"entry-content-wrap\"><header class=\"entry-header\"><h4 class=\"entry-title\"><a href=\"https:\/\/cynbrandco.com\/?p=9810\" title=\"Entrecomidillas\">Entrecomidillas<\/a><\/h4><div class=\"entry-meta entry-meta-divider-dot entry-meta-divider-vline entry-meta-divider-dash entry-meta-divider-slash\"><span class=\"posted-on\">26enero,2025<\/span><\/div><\/header><\/footer><\/div><\/div><\/div><div class=\"item container  first blog\"><div class=\"container-inner loop-entry type-post\"><a href=\"https:\/\/cynbrandco.com\/?p=9726\" class=\"post-thumbnail\"><div class=\"post-thumbnail-inner\"><img decoding=\"async\" src=\"https:\/\/cynbrandco.com\/wp-content\/uploads\/2021\/11\/mitra_cynbrandco.jpg\" title=\"Mitra Market\" alt=\"Mitra Market\" height=\"320\" width=\"570\"\/><\/div><\/a><div class=\"entry-content-wrap\"><header class=\"entry-header\"><h4 class=\"entry-title\"><a href=\"https:\/\/cynbrandco.com\/?p=9726\" title=\"Mitra Market\">Mitra Market<\/a><\/h4><div class=\"entry-meta entry-meta-divider-dot entry-meta-divider-vline entry-meta-divider-dash entry-meta-divider-slash\"><span class=\"posted-on\">25enero,2025<\/span><\/div><\/header><\/footer><\/div><\/div><\/div><\/div><\/div><\/div>\n\t\t\t\t\t\t<\/div>\n\t\t\t\t<\/div>\n\t\t\t\t\t<\/div>\n\t\t<\/div>\n\t\t\t\t\t<\/div>\n\t\t<\/section>\n\t\t\t\t<\/div>\n\t\t","protected":false},"excerpt":{"rendered":"<p>Creamos y fortalecemos marcas mediante el dise\u00f1o gr\u00e1fico y la ilustraci\u00f3n. Nos especializamos en branding, identidad visual,&#8230;<\/p>\n","protected":false},"author":1,"featured_media":0,"parent":0,"menu_order":0,"comment_status":"closed","ping_status":"closed","template":"","meta":{"_tbt_post_transparent":"","_tbt_post_title":"hide","_tbt_post_layout":"fullwidth","_tbt_post_sidebar_id":"","_tbt_post_content_style":"unboxed","_tbt_post_vertical_padding":"hide","_tbt_post_feature":"hide","_tbt_post_feature_position":"","_tbt_post_header":false,"_tbt_post_footer":false},"class_list":["post-9749","page","type-page","status-publish","hentry"],"_links":{"self":[{"href":"https:\/\/cynbrandco.com\/index.php?rest_route=\/wp\/v2\/pages\/9749","targetHints":{"allow":["GET"]}}],"collection":[{"href":"https:\/\/cynbrandco.com\/index.php?rest_route=\/wp\/v2\/pages"}],"about":[{"href":"https:\/\/cynbrandco.com\/index.php?rest_route=\/wp\/v2\/types\/page"}],"author":[{"embeddable":true,"href":"https:\/\/cynbrandco.com\/index.php?rest_route=\/wp\/v2\/users\/1"}],"replies":[{"embeddable":true,"href":"https:\/\/cynbrandco.com\/index.php?rest_route=%2Fwp%2Fv2%2Fcomments&post=9749"}],"version-history":[{"count":51,"href":"https:\/\/cynbrandco.com\/index.php?rest_route=\/wp\/v2\/pages\/9749\/revisions"}],"predecessor-version":[{"id":9909,"href":"https:\/\/cynbrandco.com\/index.php?rest_route=\/wp\/v2\/pages\/9749\/revisions\/9909"}],"wp:attachment":[{"href":"https:\/\/cynbrandco.com\/index.php?rest_route=%2Fwp%2Fv2%2Fmedia&parent=9749"}],"curies":[{"name":"wp","href":"https:\/\/api.w.org\/{rel}","templated":true}]}}